{"id":2,"date":"2023-03-14T20:42:58","date_gmt":"2023-03-14T19:42:58","guid":{"rendered":"https:\/\/www.oz-he.de\/?page_id=2"},"modified":"2023-03-15T19:09:31","modified_gmt":"2023-03-15T18:09:31","slug":"beispiel-seite","status":"publish","type":"page","link":"https:\/\/www.oz-he.de\/?page_id=2","title":{"rendered":"Impressum"},"content":{"rendered":"\n<p><\/p>\n\n\n\n<p><strong>OZ Haus- &amp; Energietechnik GmbH<br class=\"\">Am Waldeck 6<br class=\"\">85232 Eschenried<\/strong><\/p>\n\n\n\n<p><strong>Tel.:\u00a008131\/3754154<br>Mail:\u00a0<\/strong><a href=\"mailto:info@oz-he.de\" target=\"_blank\" rel=\"noreferrer noopener\">info@oz-he.de<\/a><\/p>\n\n\n\n<p>OZ Haus- &amp; Energietechnik GmbH, HRB 239699,&nbsp;Amtsgericht M\u00fcnchen,<br class=\"\">Sitz der Gesellschaft: Eschenried, Gesch\u00e4ftsf\u00fchrender<br class=\"\">Gesellschafter: Stefan Obermeier \/ Christian Ziegler<\/p>\n","protected":false},"excerpt":{"rendered":"<p>OZ Haus- &amp; Energietechnik GmbHAm Waldeck 685232 Eschenried Tel.:\u00a008131\/3754154Mail:\u00a0info@oz-he.de OZ Haus- &amp; Energietechnik GmbH, HRB 239699,&nbsp;Amtsgericht M\u00fcnchen,Sitz der Gesellschaft: Eschenried, Gesch\u00e4ftsf\u00fchrenderGesellschafter: Stefan Obermeier \/ Christian Ziegler<\/p>\n","protected":false},"author":1,"featured_media":0,"parent":0,"menu_order":0,"comment_status":"closed","ping_status":"open","template":"","meta":{"footnotes":""},"class_list":["post-2","page","type-page","status-publish","hentry"],"_links":{"self":[{"href":"https:\/\/www.oz-he.de\/index.php?rest_route=\/wp\/v2\/pages\/2","targetHints":{"allow":["GET"]}}],"collection":[{"href":"https:\/\/www.oz-he.de\/index.php?rest_route=\/wp\/v2\/pages"}],"about":[{"href":"https:\/\/www.oz-he.de\/index.php?rest_route=\/wp\/v2\/types\/page"}],"author":[{"embeddable":true,"href":"https:\/\/www.oz-he.de\/index.php?rest_route=\/wp\/v2\/users\/1"}],"replies":[{"embeddable":true,"href":"https:\/\/www.oz-he.de\/index.php?rest_route=%2Fwp%2Fv2%2Fcomments&post=2"}],"version-history":[{"count":3,"href":"https:\/\/www.oz-he.de\/index.php?rest_route=\/wp\/v2\/pages\/2\/revisions"}],"predecessor-version":[{"id":16,"href":"https:\/\/www.oz-he.de\/index.php?rest_route=\/wp\/v2\/pages\/2\/revisions\/16"}],"wp:attachment":[{"href":"https:\/\/www.oz-he.de\/index.php?rest_route=%2Fwp%2Fv2%2Fmedia&parent=2"}],"curies":[{"name":"wp","href":"https:\/\/api.w.org\/{rel}","templated":true}]}}